{"id":238,"date":"2013-03-09T19:40:13","date_gmt":"2013-03-09T19:40:13","guid":{"rendered":"http:\/\/riddgem.se\/blogg\/?page_id=238"},"modified":"2025-09-19T15:29:06","modified_gmt":"2025-09-19T13:29:06","slug":"nedladdningsbara-filer","status":"publish","type":"page","link":"https:\/\/riddgem.se\/blogg\/nedladdningsbara-filer\/","title":{"rendered":"Dokument &#038; manualer (pdf)"},"content":{"rendered":"<p>P\u00e5 den h\u00e4r sidan hittar du nedladdningsbara filer som till exempel PDF:er med information. Allt du hittar h\u00e4r \u00e4r fritt att ladda ned och sprida. Om du anv\u00e4nder materialet vill vi att du ber\u00e4ttar var det kommer fr\u00e5n.<\/p>\n<p><a href=\"http:\/\/riddgem.se\/blogg\/wp-content\/uploads\/2013\/03\/Lule\u00e5-Tekniska-UniversitetVT-2012-Uppsatsen-Orginalet-kopia.pdf\"><img decoding=\"async\" class=\"alignleft wp-image-240\" style=\"border: 0px; margin: 9px;\" src=\"http:\/\/riddgem.se\/blogg\/wp-content\/uploads\/2013\/03\/images-150x150.jpeg\" alt=\"pdf_ikon\" width=\"50\" height=\"50\" srcset=\"https:\/\/riddgem.se\/blogg\/wp-content\/uploads\/2013\/03\/images.jpeg 150w, https:\/\/riddgem.se\/blogg\/wp-content\/uploads\/2013\/03\/images.jpeg 225w\" sizes=\"(max-width: 50px) 100vw, 50px\" \/><\/a><\/p>\n<p><strong>Dokument: Diamanter \u2013 Hur g\u00e5r handeln till och vad h\u00e5ller priset uppe? f\u00f6rfattare: Simon Ridderborg. Skriven vid utbildning p\u00e5 Lule\u00e5 Tekniska H\u00f6gskola.<\/em><\/strong> (Klicka p\u00e5 ikonen f\u00f6r att l\u00e4sa. Vill du ladda ner och spara kan du h\u00f6gerklicka och v\u00e4lja &#8217;spara&#8217; fr\u00e5n menyn)<\/p>\n<p><a href=\"http:\/\/riddgem.se\/blogg\/wp-content\/uploads\/2013\/03\/Johanna-Cederlund-Zirkon.pdf\"><img decoding=\"async\" class=\"alignleft wp-image-240\" style=\"border: 0px; margin: 9px;\" src=\"http:\/\/riddgem.se\/blogg\/wp-content\/uploads\/2013\/03\/images.jpeg\" alt=\"pdf_ikon\" width=\"50\" height=\"50\" srcset=\"https:\/\/riddgem.se\/blogg\/wp-content\/uploads\/2013\/03\/images.jpeg 225w, https:\/\/riddgem.se\/blogg\/wp-content\/uploads\/2013\/03\/images.jpeg 150w\" sizes=\"(max-width: 50px) 100vw, 50px\" \/><\/a><\/p>\n<p><strong>Dokument: Zirkon &#8211; f\u00f6rfattare: Johanna Cederlund&nbsp;<\/strong>(Klicka p\u00e5 ikonen f\u00f6r att l\u00e4sa. Vill du ladda ner och spara kan du h\u00f6gerklicka och v\u00e4lja &#8217;spara&#8217; fr\u00e5n menyn)<\/p>\n<p><a href=\"http:\/\/riddgem.se\/blogg\/wp-content\/uploads\/2013\/03\/polariskop.pdf\"><img decoding=\"async\" class=\"alignleft wp-image-240\" style=\"border: 0px; margin: 9px;\" src=\"http:\/\/riddgem.se\/blogg\/wp-content\/uploads\/2013\/03\/images.jpeg\" alt=\"pdf_ikon\" width=\"50\" height=\"50\" srcset=\"https:\/\/riddgem.se\/blogg\/wp-content\/uploads\/2013\/03\/images.jpeg 225w, https:\/\/riddgem.se\/blogg\/wp-content\/uploads\/2013\/03\/images.jpeg 150w\" sizes=\"(max-width: 50px) 100vw, 50px\" \/><\/a><\/p>\n<p><strong>Dokument: Polariskop &#8211; f\u00f6rfattare: Simon Ridderborg&nbsp;(Studiematrial fr\u00e5n skolan kristallen.se)<\/strong>(Klicka p\u00e5 ikonen f\u00f6r att l\u00e4sa. Vill du ladda ner och spara kan du h\u00f6gerklicka och v\u00e4lja &#8217;spara&#8217; fr\u00e5n menyn)<\/p>\n<p><a href=\"http:\/\/riddgem.se\/blogg\/wp-content\/uploads\/2013\/03\/spektroskop.pdf\"><img decoding=\"async\" class=\"alignleft wp-image-240\" style=\"border: 0px; margin: 9px;\" src=\"http:\/\/riddgem.se\/blogg\/wp-content\/uploads\/2013\/03\/images.jpeg\" alt=\"pdf_ikon\" width=\"50\" height=\"50\" srcset=\"https:\/\/riddgem.se\/blogg\/wp-content\/uploads\/2013\/03\/images.jpeg 225w, https:\/\/riddgem.se\/blogg\/wp-content\/uploads\/2013\/03\/images.jpeg 150w\" sizes=\"(max-width: 50px) 100vw, 50px\" \/><\/a><\/p>\n<p><strong>Dokument: Spektroskop &#8211; f\u00f6rfattare: Simon Ridderborg&nbsp;(Studiematrial fr\u00e5n skolan kristallen.se)<\/strong>(Klicka p\u00e5 ikonen f\u00f6r att l\u00e4sa. Vill du ladda ner och spara kan du h\u00f6gerklicka och v\u00e4lja &#8217;spara&#8217; fr\u00e5n menyn)<\/p>\n<p><a href=\"http:\/\/riddgem.se\/blogg\/wp-content\/uploads\/2013\/03\/densitet.pdf\"><img decoding=\"async\" class=\"alignleft wp-image-240\" style=\"border: 0px; margin: 9px;\" src=\"http:\/\/riddgem.se\/blogg\/wp-content\/uploads\/2013\/03\/images.jpeg\" alt=\"pdf_ikon\" width=\"50\" height=\"50\" srcset=\"https:\/\/riddgem.se\/blogg\/wp-content\/uploads\/2013\/03\/images.jpeg 225w, https:\/\/riddgem.se\/blogg\/wp-content\/uploads\/2013\/03\/images.jpeg 150w\" sizes=\"(max-width: 50px) 100vw, 50px\" \/><\/a><\/p>\n<p><strong>Dokument: Densitetsm\u00e4tning &#8211; f\u00f6rfattare: Simon Ridderborg&nbsp;(Studiematrial fr\u00e5n skolan kristallen.se)<\/strong>(Klicka p\u00e5 ikonen f\u00f6r att l\u00e4sa. Vill du ladda ner och spara kan du h\u00f6gerklicka och v\u00e4lja &#8217;spara&#8217; fr\u00e5n menyn)<\/p>\n<p><a href=\"http:\/\/riddgem.se\/blogg\/wp-content\/uploads\/2013\/03\/ccf.pdf\"><img decoding=\"async\" class=\"alignleft wp-image-240\" style=\"border: 0px; margin: 9px;\" src=\"http:\/\/riddgem.se\/blogg\/wp-content\/uploads\/2013\/03\/images.jpeg\" alt=\"pdf_ikon\" width=\"50\" height=\"50\" srcset=\"https:\/\/riddgem.se\/blogg\/wp-content\/uploads\/2013\/03\/images.jpeg 225w, https:\/\/riddgem.se\/blogg\/wp-content\/uploads\/2013\/03\/images.jpeg 150w\" sizes=\"(max-width: 50px) 100vw, 50px\" \/><\/a><\/p>\n<p><strong>Dokument: Chelsea filtret &#8211; f\u00f6rfattare: Simon Ridderborg&nbsp;(Studiematrial fr\u00e5n skolan kristallen.se)<\/strong>(Klicka p\u00e5 ikonen f\u00f6r att l\u00e4sa. Vill du ladda ner och spara kan du h\u00f6gerklicka och v\u00e4lja &#8217;spara&#8217; fr\u00e5n menyn)<\/p>\n<p><a href=\"http:\/\/riddgem.se\/blogg\/wp-content\/uploads\/2013\/03\/arbetsschema_id_adelsten.pdf\"><img decoding=\"async\" class=\"alignleft wp-image-240\" style=\"border: 0px; margin: 9px;\" src=\"http:\/\/riddgem.se\/blogg\/wp-content\/uploads\/2013\/03\/images.jpeg\" alt=\"pdf_ikon\" width=\"50\" height=\"50\" srcset=\"https:\/\/riddgem.se\/blogg\/wp-content\/uploads\/2013\/03\/images.jpeg 225w, https:\/\/riddgem.se\/blogg\/wp-content\/uploads\/2013\/03\/images.jpeg 150w\" sizes=\"(max-width: 50px) 100vw, 50px\" \/><\/a><\/p>\n<p><strong>Dokument: Arbetsschema vid \u00e4delstensidentifiering &#8211; f\u00f6rfattare: Simon Ridderborg&nbsp;(Studiematrial fr\u00e5n skolan kristallen.se)<\/strong>(Klicka p\u00e5 ikonen f\u00f6r att l\u00e4sa. Vill du ladda ner och spara kan du h\u00f6gerklicka och v\u00e4lja &#8217;spara&#8217; fr\u00e5n menyn)<\/p>\n<p><a href=\"http:\/\/riddgem.se\/blogg\/wp-content\/uploads\/2014\/09\/Reng\u00f6ring-sk\u00f6tsel.pdf\"><img decoding=\"async\" class=\"alignleft wp-image-240\" style=\"border: 0px; margin: 9px;\" src=\"http:\/\/riddgem.se\/blogg\/wp-content\/uploads\/2013\/03\/images.jpeg\" alt=\"pdf_ikon\" width=\"50\" height=\"50\" srcset=\"https:\/\/riddgem.se\/blogg\/wp-content\/uploads\/2013\/03\/images.jpeg 225w, https:\/\/riddgem.se\/blogg\/wp-content\/uploads\/2013\/03\/images.jpeg 150w\" sizes=\"(max-width: 50px) 100vw, 50px\" \/><\/a><\/p>\n<p><strong>Dokument: Reng\u00f6ring och sk\u00f6tsel av \u00e4delstenar och smycken &#8211; f\u00f6rfattare: Simon Ridderborg. <\/strong>(Klicka p\u00e5 ikonen f\u00f6r att l\u00e4sa. Vill du ladda ner och spara kan du h\u00f6gerklicka och v\u00e4lja &#8217;spara&#8217; fr\u00e5n menyn)<\/p>\n<p align=\"centre\">I v\u00e5r butik hittar du alltid \u00e4delstenar och tillbeh\u00f6r av h\u00f6g kvalitet. Bes\u00f6k <a href=\"https:\/\/www.riddgem.se\/\">https:\/\/www.riddgem.se\/<\/a><\/p>","protected":false},"excerpt":{"rendered":"<p>P\u00e5 den h\u00e4r sidan hittar du nedladdningsbara filer som till exempel PDF:er med information. Allt du hittar h\u00e4r \u00e4r fritt<\/p>\n","protected":false},"author":1,"featured_media":0,"parent":0,"menu_order":0,"comment_status":"closed","ping_status":"open","template":"","meta":{"_crdt_document":"","footnotes":""},"class_list":{"1":"page","2":"type-page","3":"status-publish","4":"hentry"},"aioseo_notices":[],"jetpack_shortlink":"https:\/\/wp.me\/P3bowV-3Q","jetpack_sharing_enabled":true,"jetpack-related-posts":[],"jetpack_likes_enabled":true,"_links":{"self":[{"href":"https:\/\/riddgem.se\/blogg\/wp-json\/wp\/v2\/pages\/238","targetHints":{"allow":["GET"]}}],"collection":[{"href":"https:\/\/riddgem.se\/blogg\/wp-json\/wp\/v2\/pages"}],"about":[{"href":"https:\/\/riddgem.se\/blogg\/wp-json\/wp\/v2\/types\/page"}],"author":[{"embeddable":true,"href":"https:\/\/riddgem.se\/blogg\/wp-json\/wp\/v2\/users\/1"}],"replies":[{"embeddable":true,"href":"https:\/\/riddgem.se\/blogg\/wp-json\/wp\/v2\/comments?post=238"}],"version-history":[{"count":29,"href":"https:\/\/riddgem.se\/blogg\/wp-json\/wp\/v2\/pages\/238\/revisions"}],"predecessor-version":[{"id":1592,"href":"https:\/\/riddgem.se\/blogg\/wp-json\/wp\/v2\/pages\/238\/revisions\/1592"}],"wp:attachment":[{"href":"https:\/\/riddgem.se\/blogg\/wp-json\/wp\/v2\/media?parent=238"}],"curies":[{"name":"wp","href":"https:\/\/api.w.org\/{rel}","templated":true}]}}